{"id":13648,"date":"2023-08-12T15:12:22","date_gmt":"2023-08-12T14:12:22","guid":{"rendered":"https:\/\/www.alpenland-lech.com\/?page_id=13648"},"modified":"2023-08-14T10:00:41","modified_gmt":"2023-08-14T09:00:41","slug":"press","status":"publish","type":"page","link":"https:\/\/www.alpenland-lech.com\/en\/press\/","title":{"rendered":"Press Page"},"content":{"rendered":"\n\n\t<p>Welcome and thank you for visiting the Hotel Alpenland press page.<\/p>\n\t<h3>\n\t\t\t\tPress Releases\n\t\t\t<\/h3>\n\t<a href=\"https:\/\/www.alpenland-lech.com\/wp-content\/uploads\/2023\/08\/Alpenland-Press-Release-August-2023.pdf\" target=\"_blank\" rel=\"noopener\"><u>Hotel Alpenland in Lech am Arlberg Introduces a Modern Spa &amp; Wellness<br \/>\nCenter<\/u><\/a>\n\t<p>August 2023<\/p>\n\t<h3>\n\t\t\t\tFact Sheet\n\t\t\t<\/h3>\n\t<p><a href=\"https:\/\/www.alpenland-lech.com\/wp-content\/uploads\/2023\/08\/Alpenland-Press-Fact-Sheet.pdf\" target=\"_blank\" rel=\"noopener\"><u>Alpenland &#8211; Press Fact Sheet.pdf<\/u><\/a><\/p>\n\t<p>July 2023<\/p>\n\t<h2>\n\t\t\t\tPress Photos Hotel &#038; Lech\n\t\t\t<\/h2>\n\t<p>Download photos in high print quality and also for web usage.<\/p>\n\t\t\t\t<a href=\"https:\/\/www.alpenland-lech.com\/wp-content\/uploads\/2023\/08\/sommer-wintergarten-gemuetlichkeit-hotel-lech-am-arlberg-1-3.jpg\" target=\"_self\" itemprop=\"url\" rel=\"noopener\">\n\t\t\t\t<img decoding=\"async\" src=\"https:\/\/www.alpenland-lech.com\/wp-content\/uploads\/2023\/08\/sommer-wintergarten-gemuetlichkeit-hotel-lech-am-arlberg-1-3.jpg\" alt=\"sommer-wintergarten-gemuetlichkeit-hotel-lech-am-arlberg-1\" itemprop=\"image\" height=\"1220\" width=\"1833\" title=\"sommer-wintergarten-gemuetlichkeit-hotel-lech-am-arlberg-1\" onerror=\"this.style.display='none'\"  \/>\n\t\t\t\t<\/a>\n\t\t\t\t<a href=\"https:\/\/www.alpenland-lech.com\/press\/sommer-wintergarten-gemuetlichkeit-hotel-lech-am-arlberg-1-orig-standard-scale-2_00x.jpg\" target=\"_blank\" rel=\"noopener\">Download<\/a> (Print 9 MB)<br \/>\n<a href=\"https:\/\/www.alpenland-lech.com\/wp-content\/uploads\/2023\/08\/sommer-wintergarten-gemuetlichkeit-hotel-lech-am-arlberg-1-3.jpg\" target=\"_blank\" rel=\"noopener\">Download<\/a> Web 600 KB)\n\t\t\t\t<a href=\"https:\/\/www.alpenland-lech.com\/wp-content\/uploads\/2023\/08\/Zimmer_11-2.jpg\" target=\"_self\" itemprop=\"url\" rel=\"noopener\">\n\t\t\t\t<img decoding=\"async\" src=\"https:\/\/www.alpenland-lech.com\/wp-content\/uploads\/2023\/08\/Zimmer_11-2.jpg\" alt=\"Zimmer_11\" itemprop=\"image\" height=\"1220\" width=\"1833\" title=\"Zimmer_11\" onerror=\"this.style.display='none'\"  \/>\n\t\t\t\t<\/a>\n\t\t\t\t<a href=\"https:\/\/www.alpenland-lech.com\/press\/Zimmer_11-orig-standard-scale-2_00x.jpg\" target=\"_blank\" rel=\"noopener\">Download<\/a> (Print 4,2 MB)<br \/>\n<a href=\"https:\/\/www.alpenland-lech.com\/wp-content\/uploads\/2023\/08\/Zimmer_11-2.jpg\" target=\"_blank\" rel=\"noopener\">Download<\/a> Web 400 KB)\n\t\t\t\t<a href=\"https:\/\/www.alpenland-lech.com\/wp-content\/uploads\/2023\/08\/doppel-zimmer-wohn-schlaf-raum-nr-1-hotel-alpenland-lech-am-arlberg-1.jpg\" target=\"_self\" itemprop=\"url\" rel=\"noopener\">\n\t\t\t\t<img decoding=\"async\" src=\"https:\/\/www.alpenland-lech.com\/wp-content\/uploads\/2023\/08\/doppel-zimmer-wohn-schlaf-raum-nr-1-hotel-alpenland-lech-am-arlberg-1.jpg\" alt=\"doppel-zimmer-wohn-schlaf-raum-nr-1-hotel-alpenland-lech-am-arlberg\" itemprop=\"image\" height=\"1220\" width=\"1833\" title=\"doppel-zimmer-wohn-schlaf-raum-nr-1-hotel-alpenland-lech-am-arlberg\" onerror=\"this.style.display='none'\"  \/>\n\t\t\t\t<\/a>\n\t\t\t\t<p><a href=\"https:\/\/www.alpenland-lech.com\/press\/doppel-zimmer-wohn-schlaf-raum-nr-1-hotel-alpenland-lech-am-arlberg-orig-standard-scale-2_00x.jpg\" target=\"_blank\" rel=\"noopener\">Download<\/a> (Print 5,4 MB)<br \/><a href=\"https:\/\/www.alpenland-lech.com\/wp-content\/uploads\/2023\/08\/doppel-zimmer-wohn-schlaf-raum-nr-1-hotel-alpenland-lech-am-arlberg-1.jpg\" target=\"_blank\" rel=\"noopener\">Download<\/a> Web 450 KB)<\/p>\n\t\t\t\t<a href=\"https:\/\/www.alpenland-lech.com\/wp-content\/uploads\/2023\/08\/IMG_3087-web-1.jpg\" target=\"_self\" itemprop=\"url\" rel=\"noopener\">\n\t\t\t\t<img decoding=\"async\" src=\"https:\/\/www.alpenland-lech.com\/wp-content\/uploads\/2023\/08\/IMG_3087-web-1.jpg\" alt=\"IMG_3087-web\" itemprop=\"image\" height=\"1220\" width=\"1833\" title=\"IMG_3087-web\" onerror=\"this.style.display='none'\"  \/>\n\t\t\t\t<\/a>\n\t\t\t\t<a href=\"https:\/\/www.alpenland-lech.com\/press\/IMG_3087.jpg\" target=\"_blank\" rel=\"noopener\">Download<\/a> (Print 3.5 MB)<br \/>\n<a href=\"https:\/\/www.alpenland-lech.com\/wp-content\/uploads\/2023\/08\/IMG_3087-web-1.jpg\" target=\"_blank\" rel=\"noopener\">Download<\/a> (Web 240 KB)\n\t\t\t\t<a href=\"https:\/\/www.alpenland-lech.com\/wp-content\/uploads\/2023\/08\/CRW_6891-web-1.jpg\" target=\"_self\" itemprop=\"url\" rel=\"noopener\">\n\t\t\t\t<img decoding=\"async\" src=\"https:\/\/www.alpenland-lech.com\/wp-content\/uploads\/2023\/08\/CRW_6891-web-1.jpg\" alt=\"CRW_6891-web\" itemprop=\"image\" height=\"1220\" width=\"1833\" title=\"CRW_6891-web\" onerror=\"this.style.display='none'\"  \/>\n\t\t\t\t<\/a>\n\t\t\t\t<a href=\"https:\/\/www.alpenland-lech.com\/press\/CRW_6891.jpg\" target=\"_blank\" rel=\"noopener\">Download<\/a> (Print 2 MB)<br \/>\n<a href=\"https:\/\/www.alpenland-lech.com\/wp-content\/uploads\/2023\/08\/CRW_6891-web-1.jpg\" target=\"_blank\" rel=\"noopener\">Download<\/a> (Web 230 KB)\n\t\t\t\t<a href=\"https:\/\/www.alpenland-lech.com\/wp-content\/uploads\/2023\/08\/restaurant-im-hotel-alpenland-in-lech-am-arlberg-2.jpg\" target=\"_self\" itemprop=\"url\" rel=\"noopener\">\n\t\t\t\t<img decoding=\"async\" src=\"https:\/\/www.alpenland-lech.com\/wp-content\/uploads\/2023\/08\/restaurant-im-hotel-alpenland-in-lech-am-arlberg-2.jpg\" alt=\"restaurant-im-hotel-alpenland-in-lech-am-arlberg\" itemprop=\"image\" height=\"1220\" width=\"1833\" title=\"restaurant-im-hotel-alpenland-in-lech-am-arlberg\" onerror=\"this.style.display='none'\"  \/>\n\t\t\t\t<\/a>\n\t\t\t\t<a href=\"https:\/\/www.alpenland-lech.com\/press\/restaurant-im-hotel-alpenland-in-lech-am-arlberg-orig-standard-scale-2_00x.jpg\" target=\"_blank\" rel=\"noopener\">Download<\/a> (Print 3.1 MB)<br \/>\n<a href=\"https:\/\/www.alpenland-lech.com\/wp-content\/uploads\/2023\/08\/restaurant-im-hotel-alpenland-in-lech-am-arlberg-2.jpg\" target=\"_blank\" rel=\"noopener\">Download<\/a> (Web 170 KB)\n\t\t\t\t<a href=\"https:\/\/www.alpenland-lech.com\/wp-content\/uploads\/2023\/08\/wellness-geniessen-fotos-hotel-4-sterne-alpenland-in-lech-am-arlberg-web-1.jpg\" target=\"_self\" itemprop=\"url\" rel=\"noopener\">\n\t\t\t\t<img decoding=\"async\" src=\"https:\/\/www.alpenland-lech.com\/wp-content\/uploads\/2023\/08\/wellness-geniessen-fotos-hotel-4-sterne-alpenland-in-lech-am-arlberg-web-1.jpg\" alt=\"wellness-geniessen-fotos-hotel-4-sterne-alpenland-in-lech-am-arlberg---web\" itemprop=\"image\" height=\"1220\" width=\"1833\" title=\"wellness-geniessen-fotos-hotel-4-sterne-alpenland-in-lech-am-arlberg---web\" onerror=\"this.style.display='none'\"  \/>\n\t\t\t\t<\/a>\n\t\t\t\t<a href=\"https:\/\/www.alpenland-lech.com\/press\/wellness-geniessen-fotos-hotel-4-sterne-alpenland-in-lech-am-arlberg.jpg\" target=\"_blank\" rel=\"noopener\">Download<\/a> (Print 3 MB)<br \/>\n<a href=\"https:\/\/www.alpenland-lech.com\/wp-content\/uploads\/2023\/08\/wellness-geniessen-fotos-hotel-4-sterne-alpenland-in-lech-am-arlberg-web-1.jpg\" target=\"_blank\" rel=\"noopener\">Download<\/a> (Web 160 KB)\n\t\t\t\t<a href=\"https:\/\/www.alpenland-lech.com\/wp-content\/uploads\/2023\/08\/wellness-dampfbad-1-hotel-alpenland-in-lech-am-arlberg-2.jpg\" target=\"_self\" itemprop=\"url\" rel=\"noopener\">\n\t\t\t\t<img decoding=\"async\" src=\"https:\/\/www.alpenland-lech.com\/wp-content\/uploads\/2023\/08\/wellness-dampfbad-1-hotel-alpenland-in-lech-am-arlberg-2.jpg\" alt=\"wellness-dampfbad-1-hotel-alpenland-in-lech-am-arlberg\" itemprop=\"image\" height=\"1464\" width=\"2200\" title=\"wellness-dampfbad-1-hotel-alpenland-in-lech-am-arlberg\" onerror=\"this.style.display='none'\"  \/>\n\t\t\t\t<\/a>\n\t\t\t\t<a href=\"https:\/\/www.alpenland-lech.com\/press\/wellness-dampfbad-1-hotel-alpenland-in-lech-am-arlberg-orig-standard-scale-2_00x.jpg\" target=\"_blank\" rel=\"noopener\">Download<\/a> (Print 8.3 MB)<br \/>\n<a href=\"https:\/\/www.alpenland-lech.com\/wp-content\/uploads\/2023\/08\/wellness-dampfbad-1-hotel-alpenland-in-lech-am-arlberg-2.jpg\" target=\"_blank\" rel=\"noopener\">Download<\/a> (Web 110 KB)\n\t\t\t\t<a href=\"https:\/\/www.alpenland-lech.com\/wp-content\/uploads\/2023\/08\/entspannung-relaxen-hotel-alpenland-in-lech-am-arlberg-2.jpg\" target=\"_self\" itemprop=\"url\" rel=\"noopener\">\n\t\t\t\t<img decoding=\"async\" src=\"https:\/\/www.alpenland-lech.com\/wp-content\/uploads\/2023\/08\/entspannung-relaxen-hotel-alpenland-in-lech-am-arlberg-2.jpg\" alt=\"entspannung-relaxen-hotel-alpenland-in-lech-am-arlberg\" itemprop=\"image\" height=\"1220\" width=\"1833\" title=\"entspannung-relaxen-hotel-alpenland-in-lech-am-arlberg\" onerror=\"this.style.display='none'\"  \/>\n\t\t\t\t<\/a>\n\t\t\t\t<a href=\"https:\/\/www.alpenland-lech.com\/press\/entspannung-relaxen-hotel-alpenland-in-lech-am-arlberg-orig-standard-scale-2_00x.jpg\" target=\"_blank\" rel=\"noopener\">Download<\/a> (Print 9.9 MB)<br \/>\n<a href=\"https:\/\/www.alpenland-lech.com\/wp-content\/uploads\/2023\/08\/entspannung-relaxen-hotel-alpenland-in-lech-am-arlberg-2.jpg\" target=\"_blank\" rel=\"noopener\">Download<\/a> (Web 180 KB)\n\t\t\t\t<a href=\"https:\/\/www.alpenland-lech.com\/wp-content\/uploads\/2023\/08\/hotel-juniorsuite-a-mit-balkon-und-sitzecke-fotos-hotel-4-sterne-alpenland-in-lech-am-arlberg-web-1.jpg\" target=\"_self\" itemprop=\"url\" rel=\"noopener\">\n\t\t\t\t<img decoding=\"async\" src=\"https:\/\/www.alpenland-lech.com\/wp-content\/uploads\/2023\/08\/hotel-juniorsuite-a-mit-balkon-und-sitzecke-fotos-hotel-4-sterne-alpenland-in-lech-am-arlberg-web-1.jpg\" alt=\"hotel-juniorsuite-a-mit-balkon-und-sitzecke-fotos-hotel-4-sterne-alpenland-in-lech-am-arlberg-web\" itemprop=\"image\" height=\"1220\" width=\"1833\" title=\"hotel-juniorsuite-a-mit-balkon-und-sitzecke-fotos-hotel-4-sterne-alpenland-in-lech-am-arlberg-web\" onerror=\"this.style.display='none'\"  \/>\n\t\t\t\t<\/a>\n\t\t\t\t<a href=\"https:\/\/www.alpenland-lech.com\/press\/hotel-juniorsuite-a-mit-balkon-und-sitzecke-fotos-hotel-4-sterne-alpenland-in-lech-am-arlberg.jpg\" target=\"_blank\" rel=\"noopener\">Download<\/a> (Print 11.3 MB)<br \/>\n<a href=\"https:\/\/www.alpenland-lech.com\/wp-content\/uploads\/2023\/08\/hotel-juniorsuite-a-mit-balkon-und-sitzecke-fotos-hotel-4-sterne-alpenland-in-lech-am-arlberg-web-1.jpg\" target=\"_blank\" rel=\"noopener\">Download<\/a> (Web 300 KB)\n\t\t\t\t<a href=\"https:\/\/www.alpenland-lech.com\/wp-content\/uploads\/2023\/08\/Alpenland-Hotel-Lech-24-von-37-web.jpg\" target=\"_self\" itemprop=\"url\" rel=\"noopener\">\n\t\t\t\t<img decoding=\"async\" src=\"https:\/\/www.alpenland-lech.com\/wp-content\/uploads\/2023\/08\/Alpenland-Hotel-Lech-24-von-37-web.jpg\" alt=\"Alpenland-Hotel-Lech-(24-von-37)-web\" itemprop=\"image\" height=\"1220\" width=\"1833\" title=\"Alpenland-Hotel-Lech-(24-von-37)-web\" onerror=\"this.style.display='none'\"  \/>\n\t\t\t\t<\/a>\n\t\t\t\t<a href=\"https:\/\/www.alpenland-lech.com\/press\/Alpenland Hotel Lech24.jpg\" target=\"_blank\" rel=\"noopener\">Download<\/a> (Print 21.6 MB)<br \/>\n<a href=\"https:\/\/www.alpenland-lech.com\/wp-content\/uploads\/2023\/08\/Alpenland-Hotel-Lech-24-von-37-web.jpg\" target=\"_blank\" rel=\"noopener\">Download<\/a> (Web 360 KB)\n\t\t\t\t<a href=\"https:\/\/www.alpenland-lech.com\/wp-content\/uploads\/2023\/08\/Alpenland-Hotel-Lech-36-von-37-web.jpg\" target=\"_self\" itemprop=\"url\" rel=\"noopener\">\n\t\t\t\t<img decoding=\"async\" src=\"https:\/\/www.alpenland-lech.com\/wp-content\/uploads\/2023\/08\/Alpenland-Hotel-Lech-36-von-37-web.jpg\" alt=\"Alpenland-Hotel-Lech-(36-von-37)-web\" itemprop=\"image\" height=\"1220\" width=\"1833\" title=\"Alpenland-Hotel-Lech-(36-von-37)-web\" onerror=\"this.style.display='none'\"  \/>\n\t\t\t\t<\/a>\n\t\t\t\t<a href=\"https:\/\/www.alpenland-lech.com\/press\/Alpenland-Hotel-Lech-36.jpg\" target=\"_blank\" rel=\"noopener\">Download<\/a> (Print 21.4 MB)<br \/>\n<a href=\"https:\/\/www.alpenland-lech.com\/wp-content\/uploads\/2023\/08\/Alpenland-Hotel-Lech-36-von-37-web.jpg\" target=\"_blank\" rel=\"noopener\">Download<\/a> (Web 240 KB)\n\t\t\t\t<a href=\"https:\/\/www.alpenland-lech.com\/wp-content\/uploads\/2023\/08\/skiurlaub-4sterne-hotel-alpenland-lech-am-arberg-1.jpg\" target=\"_self\" itemprop=\"url\" rel=\"noopener\">\n\t\t\t\t<img decoding=\"async\" src=\"https:\/\/www.alpenland-lech.com\/wp-content\/uploads\/2023\/08\/skiurlaub-4sterne-hotel-alpenland-lech-am-arberg-1.jpg\" alt=\"skiurlaub-4sterne-hotel-alpenland-lech-am-arberg\" itemprop=\"image\" height=\"1220\" width=\"1833\" title=\"skiurlaub-4sterne-hotel-alpenland-lech-am-arberg\" onerror=\"this.style.display='none'\"  \/>\n\t\t\t\t<\/a>\n\t\t\t\t<a href=\"https:\/\/www.alpenland-lech.com\/press\/skiurlaub-4sterne-hotel-alpenland-lech-am-arberg-orig-standard-scale-2_00x.jpg\" target=\"_blank\" rel=\"noopener\">Download<\/a> (Print 6 MB)<br \/>\n<a href=\"https:\/\/www.alpenland-lech.com\/wp-content\/uploads\/2023\/08\/skiurlaub-4sterne-hotel-alpenland-lech-am-arberg-1.jpg\" target=\"_blank\" rel=\"noopener\">Download<\/a> (Web 310 KB)\n\t\t\t\t<a href=\"https:\/\/www.alpenland-lech.com\/wp-content\/uploads\/2023\/08\/Alpenland-Hotel-Lech-27-von-37edit-web-1.jpg\" target=\"_self\" itemprop=\"url\" rel=\"noopener\">\n\t\t\t\t<img decoding=\"async\" src=\"https:\/\/www.alpenland-lech.com\/wp-content\/uploads\/2023\/08\/Alpenland-Hotel-Lech-27-von-37edit-web-1.jpg\" alt=\"Alpenland Hotel Lech (27 von 37)edit-web\" itemprop=\"image\" height=\"1220\" width=\"1833\" title=\"Alpenland Hotel Lech (27 von 37)edit-web\" onerror=\"this.style.display='none'\"  \/>\n\t\t\t\t<\/a>\n\t\t\t\t<a href=\"https:\/\/www.alpenland-lech.com\/press\/AlpenlandHotelLech27edit.jpg\" target=\"_blank\" rel=\"noopener\">Download<\/a> (Print 15 MB)<br \/>\n<a href=\"https:\/\/www.alpenland-lech.com\/wp-content\/uploads\/2023\/08\/Alpenland-Hotel-Lech-27-von-37edit-web-1.jpg\" target=\"_blank\" rel=\"noopener\">Download<\/a> (Web 330 KB)\n\t\t\t\t<a href=\"https:\/\/www.alpenland-lech.com\/wp-content\/uploads\/2023\/08\/Sommer-Alpenland-Edit-web.jpg\" target=\"_self\" itemprop=\"url\" rel=\"noopener\">\n\t\t\t\t<img decoding=\"async\" src=\"https:\/\/www.alpenland-lech.com\/wp-content\/uploads\/2023\/08\/Sommer-Alpenland-Edit-web.jpg\" alt=\"Sommer-Alpenland-Edit-web\" itemprop=\"image\" height=\"1220\" width=\"1833\" title=\"Sommer-Alpenland-Edit-web\" onerror=\"this.style.display='none'\"  \/>\n\t\t\t\t<\/a>\n\t\t\t\t<a href=\"https:\/\/www.alpenland-lech.com\/press\/Sommer-Alpenland-Edit.jpg\" target=\"_blank\" rel=\"noopener\">Download<\/a> (Print 6.4 MB)<br \/>\n<a href=\"https:\/\/www.alpenland-lech.com\/wp-content\/uploads\/2023\/08\/Sommer-Alpenland-Edit-web.jpg\" target=\"_blank\" rel=\"noopener\">Download<\/a> (Web 560 KB)\n\t\t\t\t<a href=\"https:\/\/www.alpenland-lech.com\/wp-content\/uploads\/2023\/08\/Ortszentrum-im-Winter-c-Daniel-Zangerl-c-Lech-Zuers-Tourismus-web.jpg\" target=\"_self\" itemprop=\"url\" rel=\"noopener\">\n\t\t\t\t<img decoding=\"async\" src=\"https:\/\/www.alpenland-lech.com\/wp-content\/uploads\/2023\/08\/Ortszentrum-im-Winter-c-Daniel-Zangerl-c-Lech-Zuers-Tourismus-web.jpg\" alt=\"Ortszentrum-im-Winter-(c)-Daniel-Zangerl---(c)-Lech-Z\u00fcrs-Tourismus-web\" itemprop=\"image\" height=\"1200\" width=\"1800\" title=\"Ortszentrum-im-Winter-(c)-Daniel-Zangerl---(c)-Lech-Z\u00fcrs-Tourismus-web\" onerror=\"this.style.display='none'\"  \/>\n\t\t\t\t<\/a>\n\t\t\t\t<a href=\"https:\/\/www.alpenland-lech.com\/press\/Ortszentrum-im-Winter-(c)-Daniel-Zangerl---(c)-LechZ%C3%BCrsTourismus.jpg\" target=\"_blank\" rel=\"noopener\">Download<\/a> (Print 12.8 MB)<br \/>\n<a href=\"https:\/\/www.alpenland-lech.com\/wp-content\/uploads\/2023\/08\/Ortszentrum-im-Winter-c-Daniel-Zangerl-c-Lech-Zuers-Tourismus-web.jpg\" target=\"_blank\" rel=\"noopener\">Download<\/a> (Web 210 KB)\n\t\t\t\t<a href=\"https:\/\/www.alpenland-lech.com\/wp-content\/uploads\/2023\/08\/Ortszentrum-im-Winter-c-Christoph-Schoech-c-Lech-Zuers-Tourismus-web.jpg\" target=\"_self\" itemprop=\"url\" rel=\"noopener\">\n\t\t\t\t<img decoding=\"async\" src=\"https:\/\/www.alpenland-lech.com\/wp-content\/uploads\/2023\/08\/Ortszentrum-im-Winter-c-Christoph-Schoech-c-Lech-Zuers-Tourismus-web.jpg\" alt=\"Ortszentrum-im-Winter-(c)-Christoph-Sch\u00f6ch---(c)-Lech-Z\u00fcrs-Tourismus-web\" itemprop=\"image\" height=\"1200\" width=\"1800\" title=\"Ortszentrum-im-Winter-(c)-Christoph-Sch\u00f6ch---(c)-Lech-Z\u00fcrs-Tourismus-web\" onerror=\"this.style.display='none'\"  \/>\n\t\t\t\t<\/a>\n\t\t\t\t<a href=\"https:\/\/www.alpenland-lech.com\/press\/Ortszentrum-im-Winter(c)Christoph-Sch\u00f6ch-(c)LechZ\u00fcrsTourismus.jpg\" target=\"_blank\" rel=\"noopener\">Download<\/a> (Print 11.1 MB)<br \/>\n<a href=\"https:\/\/www.alpenland-lech.com\/wp-content\/uploads\/2023\/08\/Ortszentrum-im-Winter-c-Christoph-Schoech-c-Lech-Zuers-Tourismus-web.jpg\" target=\"_blank\" rel=\"noopener\">Download<\/a> (Web 230 KB)\n\t\t\t\t<a href=\"https:\/\/www.alpenland-lech.com\/wp-content\/uploads\/2023\/08\/Bergfruehling-in-Lech-Zuers-c-Daniel-Zangerl-c-Lech-Zuers-Tourismus-web.jpg\" target=\"_self\" itemprop=\"url\" rel=\"noopener\">\n\t\t\t\t<img decoding=\"async\" src=\"https:\/\/www.alpenland-lech.com\/wp-content\/uploads\/2023\/08\/Bergfruehling-in-Lech-Zuers-c-Daniel-Zangerl-c-Lech-Zuers-Tourismus-web.jpg\" alt=\"Bergfr\u00fchling-in-Lech-Z\u00fcrs-(c)-Daniel-Zangerl---(c)-Lech-Z\u00fcrs-Tourismus-web\" itemprop=\"image\" height=\"1200\" width=\"1800\" title=\"Bergfr\u00fchling-in-Lech-Z\u00fcrs-(c)-Daniel-Zangerl---(c)-Lech-Z\u00fcrs-Tourismus-web\" onerror=\"this.style.display='none'\"  \/>\n\t\t\t\t<\/a>\n\t\t\t\t<a href=\"https:\/\/www.alpenland-lech.com\/press\/Bergfruehling-in Lech-Zuers(c)Daniel-Zangerl-(c)LechZ\u00fcrsTourismus.jpg\" target=\"_blank\" rel=\"noopener\">Download<\/a> (Print 15 MB)<br \/>\n<a href=\"https:\/\/www.alpenland-lech.com\/wp-content\/uploads\/2023\/08\/Bergfruehling-in-Lech-Zuers-c-Daniel-Zangerl-c-Lech-Zuers-Tourismus-web.jpg\" target=\"_blank\" rel=\"noopener\">Download<\/a> (Web 380 KB)\n\t\t\t\t<a href=\"https:\/\/www.alpenland-lech.com\/wp-content\/uploads\/2023\/08\/Bergfruehling-in-Lech-Zuers-c-Daniel-Zangerl-c-Lech-Zuers-Tourismus-1-web.jpg\" target=\"_self\" itemprop=\"url\" rel=\"noopener\">\n\t\t\t\t<img decoding=\"async\" src=\"https:\/\/www.alpenland-lech.com\/wp-content\/uploads\/2023\/08\/Bergfruehling-in-Lech-Zuers-c-Daniel-Zangerl-c-Lech-Zuers-Tourismus-1-web.jpg\" alt=\"Bergfr\u00fchling-in-Lech-Z\u00fcrs-(c)-Daniel-Zangerl---(c)-Lech-Z\u00fcrs-Tourismus-(1)-web\" itemprop=\"image\" height=\"1200\" width=\"1800\" title=\"Bergfr\u00fchling-in-Lech-Z\u00fcrs-(c)-Daniel-Zangerl---(c)-Lech-Z\u00fcrs-Tourismus-(1)-web\" onerror=\"this.style.display='none'\"  \/>\n\t\t\t\t<\/a>\n\t\t\t\t<a href=\"https:\/\/www.alpenland-lech.com\/press\/Bergfruehling-in-LechZ\u00fcrs(c)Daniel-Zangel-(c)LechZuersTourismus(1).jpg\" target=\"_blank\" rel=\"noopener\">Download<\/a> (Print 21 MB)<br \/>\n<a href=\"https:\/\/www.alpenland-lech.com\/wp-content\/uploads\/2023\/08\/Bergfruehling-in-Lech-Zuers-c-Daniel-Zangerl-c-Lech-Zuers-Tourismus-1-web.jpg\" target=\"_blank\" rel=\"noopener\">Download<\/a> (Web 310 KB)\n\t\t\t\t<a href=\"https:\/\/www.alpenland-lech.com\/wp-content\/uploads\/2023\/02\/logo-alpenland.png\" target=\"_self\" itemprop=\"url\" rel=\"noopener\">\n\t\t\t\t<img decoding=\"async\" src=\"https:\/\/www.alpenland-lech.com\/wp-content\/uploads\/2023\/02\/logo-alpenland.png\" alt=\"Logo\" itemprop=\"image\" height=\"171\" width=\"600\" title=\"logo-alpenland\" onerror=\"this.style.display='none'\"  \/>\n\t\t\t\t<\/a>\n\t\t\t\t<a href=\"https:\/\/www.alpenland-lech.com\/press\/logo-alpenland-lech.eps\" target=\"_blank\" rel=\"noopener\">Download<\/a> (Print eps-file 490 KB)<br \/>\n<a href=\"https:\/\/www.alpenland-lech.com\/wp-content\/uploads\/2023\/08\/logo-big.png\" target=\"_blank\" rel=\"noopener\">Download<\/a> (Web png-file 100 KB)<br \/>\n<a href=\"https:\/\/www.alpenland-lech.com\/wp-content\/uploads\/2023\/08\/logo-web-big.jpg\" target=\"_blank\" rel=\"noopener\">Download<\/a> (Web jpg-file 125 KB)\n\t\t\t\t<a href=\"https:\/\/www.alpenland-lech.com\/wp-content\/uploads\/2023\/08\/Skifahren-in-Lech-Zuers-c-Sepp-Mallaun-c-Lech-Zuers-Tourismus-web.jpg\" target=\"_self\" itemprop=\"url\" rel=\"noopener\">\n\t\t\t\t<img decoding=\"async\" src=\"https:\/\/www.alpenland-lech.com\/wp-content\/uploads\/2023\/08\/Skifahren-in-Lech-Zuers-c-Sepp-Mallaun-c-Lech-Zuers-Tourismus-web.jpg\" alt=\"Skifahren-in-Lech-Z\u00fcrs-(c)-Sepp-Mallaun---(c)-Lech-Z\u00fcrs-Tourismus-web\" itemprop=\"image\" height=\"1200\" width=\"1800\" title=\"Skifahren-in-Lech-Z\u00fcrs-(c)-Sepp-Mallaun---(c)-Lech-Z\u00fcrs-Tourismus-web\" onerror=\"this.style.display='none'\"  \/>\n\t\t\t\t<\/a>\n\t\t\t\t<a href=\"https:\/\/www.alpenland-lech.com\/press\/Skifahren-in-Lech-Zuers-(c)Sepp-Mallau -(c)LechZuersTourismus.jpg\" target=\"_blank\" rel=\"noopener\">Download<\/a> (Print 2.8 MB)<br \/>\n<a href=\"https:\/\/www.alpenland-lech.com\/wp-content\/uploads\/2023\/08\/Skifahren-in-Lech-Zuers-c-Sepp-Mallaun-c-Lech-Zuers-Tourismus-web.jpg\" target=\"_blank\" rel=\"noopener\">Download<\/a> (Web 110 KB)\n\tAll hotel photos (c) Hotel Alpenland<br \/>\nAll Lech summer- &amp; winter photos (c) Lech Z\u00fcrs Tourism\n\t<h2>\n\t\t\t\tPress Contact\n\t\t\t<\/h2>\n\t<p>Michael Fouts<\/p>\n<p>michaelfouts (at) alpenland-lech.com<\/p>\n\t\t\t<a href=\"https:\/\/www.alpenland-lech.com\/en\/inquiry\/\" target=\"_self\" role=\"button\" aria-label=\"Inquiry now\" rel=\"noopener\">\n\t\t\t\t\t\t\tInquiry now\n\t\t<\/a>\n\t\t\t<a href=\"https:\/\/direct.bookingandmore.com\/accommodation\/0eae6013-30ee-4ea5-a98c-312f98120e06?lang=en\" target=\"_blank\" rel=\"noopener\" role=\"button\" aria-label=\"Book Online\">\n\t\t\t\t\t\t\tBook Online\n\t\t<\/a>\n\t<p><a href=\"mailto:info@alpenland-lech.com\">info@alpenland-lech.com<\/a><\/p>\n\n","protected":false},"excerpt":{"rendered":"<p>Welcome and thank you for visiting the Hotel Alpenland press page. Press Releases Hotel Alpenland in Lech am Arlberg Introduces a Modern Spa &amp; Wellness Center August 2023 Fact Sheet Alpenland &#8211; Press Fact Sheet.pdf July 2023 Press Photos Hotel &#038; Lech Download photos in high print quality and also for web usage. Download (Print [&hellip;]<\/p>\n","protected":false},"author":1,"featured_media":0,"parent":0,"menu_order":0,"comment_status":"closed","ping_status":"closed","template":"","meta":{"_seopress_robots_primary_cat":"","_seopress_titles_title":"","_seopress_titles_desc":"","_seopress_robots_index":"yes","site-sidebar-layout":"default","site-content-layout":"page-builder","ast-site-content-layout":"default","site-content-style":"default","site-sidebar-style":"default","ast-global-header-display":"","ast-banner-title-visibility":"","ast-main-header-display":"","ast-hfb-above-header-display":"","ast-hfb-below-header-display":"","ast-hfb-mobile-header-display":"","site-post-title":"disabled","ast-breadcrumbs-content":"disabled","ast-featured-img":"disabled","footer-sml-layout":"","ast-disable-related-posts":"","theme-transparent-header-meta":"default","adv-header-id-meta":"","stick-header-meta":"default","header-above-stick-meta":"","header-main-stick-meta":"","header-below-stick-meta":"","astra-migrate-meta-layouts":"default","ast-page-background-enabled":"default","ast-page-background-meta":{"desktop":{"background-color":"var(--ast-global-color-4)","background-image":"","background-repeat":"repeat","background-position":"center center","background-size":"auto","background-attachment":"scroll","background-type":"","background-media":"","overlay-type":"","overlay-color":"","overlay-opacity":"","overlay-gradient":""},"tablet":{"background-color":"","background-image":"","background-repeat":"repeat","background-position":"center center","background-size":"auto","background-attachment":"scroll","background-type":"","background-media":"","overlay-type":"","overlay-color":"","overlay-opacity":"","overlay-gradient":""},"mobile":{"background-color":"","background-image":"","background-repeat":"repeat","background-position":"center center","background-size":"auto","background-attachment":"scroll","background-type":"","background-media":"","overlay-type":"","overlay-color":"","overlay-opacity":"","overlay-gradient":""}},"ast-content-background-meta":{"desktop":{"background-color":"var(--ast-global-color-5)","background-image":"","background-repeat":"repeat","background-position":"center center","background-size":"auto","background-attachment":"scroll","background-type":"","background-media":"","overlay-type":"","overlay-color":"","overlay-opacity":"","overlay-gradient":""},"tablet":{"background-color":"var(--ast-global-color-5)","background-image":"","background-repeat":"repeat","background-position":"center center","background-size":"auto","background-attachment":"scroll","background-type":"","background-media":"","overlay-type":"","overlay-color":"","overlay-opacity":"","overlay-gradient":""},"mobile":{"background-color":"var(--ast-global-color-5)","background-image":"","background-repeat":"repeat","background-position":"center center","background-size":"auto","background-attachment":"scroll","background-type":"","background-media":"","overlay-type":"","overlay-color":"","overlay-opacity":"","overlay-gradient":""}},"footnotes":""},"class_list":["post-13648","page","type-page","status-publish","hentry"],"_links":{"self":[{"href":"https:\/\/www.alpenland-lech.com\/en\/wp-json\/wp\/v2\/pages\/13648","targetHints":{"allow":["GET"]}}],"collection":[{"href":"https:\/\/www.alpenland-lech.com\/en\/wp-json\/wp\/v2\/pages"}],"about":[{"href":"https:\/\/www.alpenland-lech.com\/en\/wp-json\/wp\/v2\/types\/page"}],"author":[{"embeddable":true,"href":"https:\/\/www.alpenland-lech.com\/en\/wp-json\/wp\/v2\/users\/1"}],"replies":[{"embeddable":true,"href":"https:\/\/www.alpenland-lech.com\/en\/wp-json\/wp\/v2\/comments?post=13648"}],"version-history":[{"count":0,"href":"https:\/\/www.alpenland-lech.com\/en\/wp-json\/wp\/v2\/pages\/13648\/revisions"}],"wp:attachment":[{"href":"https:\/\/www.alpenland-lech.com\/en\/wp-json\/wp\/v2\/media?parent=13648"}],"curies":[{"name":"wp","href":"https:\/\/api.w.org\/{rel}","templated":true}]}}